{"id":3461,"date":"2019-06-26T18:37:52","date_gmt":"2019-06-26T16:37:52","guid":{"rendered":"http:\/\/localhost:8080\/tus\/?page_id=3461"},"modified":"2026-04-03T09:15:08","modified_gmt":"2026-04-03T07:15:08","slug":"home","status":"publish","type":"page","link":"https:\/\/tus-helmlingen.org\/","title":{"rendered":"Startseite &#8211; Aktuelles"},"content":{"rendered":"\n<div class=\"wp-block-group tw-mb-4 tw-mt-0 is-content-justification-center is-nowrap is-layout-flex wp-container-core-group-is-layout-94bc23d7 wp-block-group-is-layout-flex\">\n<ul class=\"wp-block-social-links is-layout-flex wp-block-social-links-is-layout-flex\"><li class=\"wp-social-link wp-social-link-instagram  wp-block-social-link\"><a rel=\"noopener nofollow\" target=\"_blank\" href=\"https:\/\/www.instagram.com\/tushelmlingen\/\" class=\"wp-block-social-link-anchor\"><svg width=\"24\" height=\"24\" viewBox=\"0 0 24 24\" version=\"1.1\" xmlns=\"http:\/\/www.w3.org\/2000\/svg\" aria-hidden=\"true\" focusable=\"false\"><path d=\"M12,4.622c2.403,0,2.688,0.009,3.637,0.052c0.877,0.04,1.354,0.187,1.671,0.31c0.42,0.163,0.72,0.358,1.035,0.673 c0.315,0.315,0.51,0.615,0.673,1.035c0.123,0.317,0.27,0.794,0.31,1.671c0.043,0.949,0.052,1.234,0.052,3.637 s-0.009,2.688-0.052,3.637c-0.04,0.877-0.187,1.354-0.31,1.671c-0.163,0.42-0.358,0.72-0.673,1.035 c-0.315,0.315-0.615,0.51-1.035,0.673c-0.317,0.123-0.794,0.27-1.671,0.31c-0.949,0.043-1.233,0.052-3.637,0.052 s-2.688-0.009-3.637-0.052c-0.877-0.04-1.354-0.187-1.671-0.31c-0.42-0.163-0.72-0.358-1.035-0.673 c-0.315-0.315-0.51-0.615-0.673-1.035c-0.123-0.317-0.27-0.794-0.31-1.671C4.631,14.688,4.622,14.403,4.622,12 s0.009-2.688,0.052-3.637c0.04-0.877,0.187-1.354,0.31-1.671c0.163-0.42,0.358-0.72,0.673-1.035 c0.315-0.315,0.615-0.51,1.035-0.673c0.317-0.123,0.794-0.27,1.671-0.31C9.312,4.631,9.597,4.622,12,4.622 M12,3 C9.556,3,9.249,3.01,8.289,3.054C7.331,3.098,6.677,3.25,6.105,3.472C5.513,3.702,5.011,4.01,4.511,4.511 c-0.5,0.5-0.808,1.002-1.038,1.594C3.25,6.677,3.098,7.331,3.054,8.289C3.01,9.249,3,9.556,3,12c0,2.444,0.01,2.751,0.054,3.711 c0.044,0.958,0.196,1.612,0.418,2.185c0.23,0.592,0.538,1.094,1.038,1.594c0.5,0.5,1.002,0.808,1.594,1.038 c0.572,0.222,1.227,0.375,2.185,0.418C9.249,20.99,9.556,21,12,21s2.751-0.01,3.711-0.054c0.958-0.044,1.612-0.196,2.185-0.418 c0.592-0.23,1.094-0.538,1.594-1.038c0.5-0.5,0.808-1.002,1.038-1.594c0.222-0.572,0.375-1.227,0.418-2.185 C20.99,14.751,21,14.444,21,12s-0.01-2.751-0.054-3.711c-0.044-0.958-0.196-1.612-0.418-2.185c-0.23-0.592-0.538-1.094-1.038-1.594 c-0.5-0.5-1.002-0.808-1.594-1.038c-0.572-0.222-1.227-0.375-2.185-0.418C14.751,3.01,14.444,3,12,3L12,3z M12,7.378 c-2.552,0-4.622,2.069-4.622,4.622S9.448,16.622,12,16.622s4.622-2.069,4.622-4.622S14.552,7.378,12,7.378z M12,15 c-1.657,0-3-1.343-3-3s1.343-3,3-3s3,1.343,3,3S13.657,15,12,15z M16.804,6.116c-0.596,0-1.08,0.484-1.08,1.08 s0.484,1.08,1.08,1.08c0.596,0,1.08-0.484,1.08-1.08S17.401,6.116,16.804,6.116z\"><\/path><\/svg><span class=\"wp-block-social-link-label screen-reader-text\">Instagram<\/span><\/a><\/li>\n\n<li class=\"wp-social-link wp-social-link-facebook  wp-block-social-link\"><a rel=\"noopener nofollow\" target=\"_blank\" href=\"https:\/\/www.facebook.com\/TuSHelmlingen\" class=\"wp-block-social-link-anchor\"><svg width=\"24\" height=\"24\" viewBox=\"0 0 24 24\" version=\"1.1\" xmlns=\"http:\/\/www.w3.org\/2000\/svg\" aria-hidden=\"true\" focusable=\"false\"><path d=\"M12 2C6.5 2 2 6.5 2 12c0 5 3.7 9.1 8.4 9.9v-7H7.9V12h2.5V9.8c0-2.5 1.5-3.9 3.8-3.9 1.1 0 2.2.2 2.2.2v2.5h-1.3c-1.2 0-1.6.8-1.6 1.6V12h2.8l-.4 2.9h-2.3v7C18.3 21.1 22 17 22 12c0-5.5-4.5-10-10-10z\"><\/path><\/svg><span class=\"wp-block-social-link-label screen-reader-text\">Facebook<\/span><\/a><\/li><\/ul>\n<\/div>\n\n\n\n<div class=\"wp-block-columns is-layout-flex wp-container-core-columns-is-layout-abceabcf wp-block-columns-is-layout-flex\">\n<div class=\"wp-block-column is-layout-flow wp-block-column-is-layout-flow\">\n<div class=\"wp-block-columns is-layout-flex wp-container-core-columns-is-layout-abceabcf wp-block-columns-is-layout-flex\">\n<div class=\"wp-block-column is-layout-flow wp-block-column-is-layout-flow\">\n<figure class=\"wp-block-image size-large\"><a href=\"https:\/\/drive.google.com\/file\/d\/1dcpU_WqK1Jy1taSCLmCuglPb52Mpb3uF\/view?usp=share_link\" target=\"_blank\" rel=\" noreferrer noopener\"><img loading=\"lazy\" decoding=\"async\" width=\"722\" height=\"1024\" src=\"https:\/\/tus-helmlingen.org\/wp-content\/uploads\/2026\/03\/2526_Ausgabe6_titel-722x1024.png\" alt=\"\" class=\"wp-image-7415\" srcset=\"https:\/\/tus-helmlingen.org\/wp-content\/uploads\/2026\/03\/2526_Ausgabe6_titel-722x1024.png 722w, https:\/\/tus-helmlingen.org\/wp-content\/uploads\/2026\/03\/2526_Ausgabe6_titel-212x300.png 212w, https:\/\/tus-helmlingen.org\/wp-content\/uploads\/2026\/03\/2526_Ausgabe6_titel.png 742w\" sizes=\"auto, (max-width: 722px) 100vw, 722px\" \/><\/a><\/figure>\n<\/div>\n\n\n\n<div class=\"wp-block-column is-layout-flow wp-block-column-is-layout-flow\">\n<figure class=\"wp-block-image size-large\"><img loading=\"lazy\" decoding=\"async\" width=\"724\" height=\"1024\" src=\"https:\/\/tus-helmlingen.org\/wp-content\/uploads\/2026\/04\/2026_Plakat-724x1024.jpg\" alt=\"\" class=\"wp-image-7498\" srcset=\"https:\/\/tus-helmlingen.org\/wp-content\/uploads\/2026\/04\/2026_Plakat-724x1024.jpg 724w, https:\/\/tus-helmlingen.org\/wp-content\/uploads\/2026\/04\/2026_Plakat-212x300.jpg 212w, https:\/\/tus-helmlingen.org\/wp-content\/uploads\/2026\/04\/2026_Plakat-768x1086.jpg 768w, https:\/\/tus-helmlingen.org\/wp-content\/uploads\/2026\/04\/2026_Plakat-1086x1536.jpg 1086w, https:\/\/tus-helmlingen.org\/wp-content\/uploads\/2026\/04\/2026_Plakat.jpg 1131w\" sizes=\"auto, (max-width: 724px) 100vw, 724px\" \/><\/figure>\n<\/div>\n<\/div>\n<\/div>\n<\/div>\n\n\n\n<div class=\"wp-block-columns is-layout-flex wp-container-core-columns-is-layout-abceabcf wp-block-columns-is-layout-flex\">\n<div class=\"wp-block-column is-layout-flow wp-block-column-is-layout-flow\"><ul class=\"wp-block-latest-posts__list is-grid columns-3 has-dates has-author wp-block-latest-posts\"><li><a class=\"wp-block-latest-posts__post-title\" href=\"https:\/\/tus-helmlingen.org\/?p=7495\">TuS Helmlingen II mit starkem Heimauftritt gegen TuS Oberhausen<\/a><div class=\"wp-block-latest-posts__post-author\">von Michael Haensel<\/div><time datetime=\"2026-04-01T08:05:37+02:00\" class=\"wp-block-latest-posts__post-date\">1. April 2026<\/time><div class=\"wp-block-latest-posts__post-excerpt\">BEZOL&nbsp; &nbsp;TuS Helmlingen II&nbsp; &#8211;&nbsp; TuS Oberhausen&nbsp; 32:29 (17:16) In einer spannenden und umk\u00e4mpften auf hohem Niveau gef\u00fchrten Bez.-Oberliga Partie behielt das TuS-Perspektivteam gegen starke G\u00e4ste aus Oberhausen letztendlich knapp beim 32:29 Heimsieg die Oberhand. Vor allem auch erneut ein stark aufgelegter TuS-Nachwuchskeeper Janis Hinz\u2026\u00a0<a class=\"wp-block-latest-posts__read-more\" href=\"https:\/\/tus-helmlingen.org\/?p=7495\" rel=\"noopener noreferrer\"><span class=\"screen-reader-text\">TuS Helmlingen II mit starkem Heimauftritt gegen TuS Oberhausen <\/span>weiterlesen<\/a><\/div><\/li>\n<li><div class=\"wp-block-latest-posts__featured-image\"><img loading=\"lazy\" decoding=\"async\" width=\"150\" height=\"150\" src=\"https:\/\/tus-helmlingen.org\/wp-content\/uploads\/2026\/04\/01_2026-03-29_TuSis_kornwestheim_260_srgb-150x150.jpeg\" class=\"attachment-thumbnail size-thumbnail wp-post-image\" alt=\"\" style=\"\" \/><\/div><a class=\"wp-block-latest-posts__post-title\" href=\"https:\/\/tus-helmlingen.org\/?p=7483\">\u00dcberraschungscoup in Rheinau-Helmlingen: TuS-Damen bezwingen Favoriten<\/a><div class=\"wp-block-latest-posts__post-author\">von Damen<\/div><time datetime=\"2026-04-01T08:03:23+02:00\" class=\"wp-block-latest-posts__post-date\">1. April 2026<\/time><div class=\"wp-block-latest-posts__post-excerpt\">Frauen\u00a0Oberliga Staffel 1\u00a0 \u00a0TuS Helmlingen \u2013 SV Salamander Kornwestheim 1894 31:27 (11:10) Damit war kaum zu rechnen: Die Damen des TuS Helmlingen haben in der Frauen-Oberliga f\u00fcr eine faustdicke \u00dcberraschung gesorgt und den Tabellenvierten SV Salamander Kornwestheim 1894 mit 31:27 (11:10) besiegt. Das Team zeigte\u2026\u00a0<a class=\"wp-block-latest-posts__read-more\" href=\"https:\/\/tus-helmlingen.org\/?p=7483\" rel=\"noopener noreferrer\"><span class=\"screen-reader-text\">\u00dcberraschungscoup in Rheinau-Helmlingen: TuS-Damen bezwingen Favoriten <\/span>weiterlesen<\/a><\/div><\/li>\n<li><div class=\"wp-block-latest-posts__featured-image\"><img loading=\"lazy\" decoding=\"async\" width=\"150\" height=\"150\" src=\"https:\/\/tus-helmlingen.org\/wp-content\/uploads\/2026\/04\/02_2026-03-29_tus1_sinzheim_260_srgb-150x150.jpeg\" class=\"attachment-thumbnail size-thumbnail wp-post-image\" alt=\"\" style=\"\" \/><\/div><a class=\"wp-block-latest-posts__post-title\" href=\"https:\/\/tus-helmlingen.org\/?p=7470\">TuS Helmlingen gewinnt den Derby-Klassiker gegen Sinzheim<\/a><div class=\"wp-block-latest-posts__post-author\">von Michael Haensel<\/div><time datetime=\"2026-04-01T07:58:03+02:00\" class=\"wp-block-latest-posts__post-date\">1. April 2026<\/time><div class=\"wp-block-latest-posts__post-excerpt\">VLBW&nbsp; TuS Helmlingen I&nbsp; &#8211;&nbsp; BSV Ph\u00f6nix Sinzheim I&nbsp; 28:22 (13:10) Handball-Verbandsligist TuS Helmlingen gelang am Sonntag-Nachmittag im Heim-Derby gegen den BSV Ph\u00f6nix Sinzheim mit 28:22 der ersehnte n\u00e4chste Heimsieg. Die Hanauerl\u00e4nder \u00fcberzeugten mit einer guten Mannschaftsleistung sowohl im Angriff als auch in der Abwehr\u2026\u00a0<a class=\"wp-block-latest-posts__read-more\" href=\"https:\/\/tus-helmlingen.org\/?p=7470\" rel=\"noopener noreferrer\"><span class=\"screen-reader-text\">TuS Helmlingen gewinnt den Derby-Klassiker gegen Sinzheim <\/span>weiterlesen<\/a><\/div><\/li>\n<li><a class=\"wp-block-latest-posts__post-title\" href=\"https:\/\/tus-helmlingen.org\/?p=7467\">TuS Helmlingen II nur in der Au\u00dfenseiterrolle gegen Oberhausen<\/a><div class=\"wp-block-latest-posts__post-author\">von Michael Haensel<\/div><time datetime=\"2026-03-27T16:14:12+01:00\" class=\"wp-block-latest-posts__post-date\">27. M\u00e4rz 2026<\/time><div class=\"wp-block-latest-posts__post-excerpt\">BEZOL&nbsp; &nbsp;TuS Helmlingen II &#8211; TuS Oberhausen&nbsp; Sonntag, 29.03.2026 um 13.00 Uhr Rhein-Rench-Halle, Helmlingen Im Heimduell gegen den derzeitigen Tabellenvierten TuS Oberhausen (26:12 Punkte) wartet auf den TuS Helmlingen II (5.\/21:15) eine sehr schwierige Heimaufgabe in der Bez.-Oberliga. Zuletzt musste die TuS-Reserve eine 31:33 Heimniederlage\u2026\u00a0<a class=\"wp-block-latest-posts__read-more\" href=\"https:\/\/tus-helmlingen.org\/?p=7467\" rel=\"noopener noreferrer\"><span class=\"screen-reader-text\">TuS Helmlingen II nur in der Au\u00dfenseiterrolle gegen Oberhausen <\/span>weiterlesen<\/a><\/div><\/li>\n<li><a class=\"wp-block-latest-posts__post-title\" href=\"https:\/\/tus-helmlingen.org\/?p=7465\">Heimspiel f\u00fcr die Damen<\/a><div class=\"wp-block-latest-posts__post-author\">von Damen<\/div><time datetime=\"2026-03-26T21:17:41+01:00\" class=\"wp-block-latest-posts__post-date\">26. M\u00e4rz 2026<\/time><div class=\"wp-block-latest-posts__post-excerpt\">Frauen Oberliga Staffel 1: TuS Helmlingen \u2013 SV Salamander Kornwestheim 1894 Sonntag, 29.03.2026 um 15.00 Uhr Rhein-Rench-Halle, Helmlingen Am Sonntag steht in der Frauen-Oberliga Baden-W\u00fcrttemberg ein interessantes Duell an:\u00a0TuS Helmlingen\u00a0empf\u00e4ngt um 15:00 Uhr in der Rhein-Rench-Halle in Rheinau-Helmlingen den favorisierten Gegner\u00a0SV Salamander Kornwestheim 1894. Die\u2026\u00a0<a class=\"wp-block-latest-posts__read-more\" href=\"https:\/\/tus-helmlingen.org\/?p=7465\" rel=\"noopener noreferrer\"><span class=\"screen-reader-text\">Heimspiel f\u00fcr die Damen <\/span>weiterlesen<\/a><\/div><\/li>\n<li><a class=\"wp-block-latest-posts__post-title\" href=\"https:\/\/tus-helmlingen.org\/?p=7463\">TuS Helmlingen mit Neuauflage des Derby-Klassiker gegen BSV Ph\u00f6nix Sinzheim<\/a><div class=\"wp-block-latest-posts__post-author\">von Michael Haensel<\/div><time datetime=\"2026-03-26T21:16:05+01:00\" class=\"wp-block-latest-posts__post-date\">26. M\u00e4rz 2026<\/time><div class=\"wp-block-latest-posts__post-excerpt\">VLBW&nbsp; &nbsp;TuS Helmlingen I&nbsp; &#8211;&nbsp; BSV Ph\u00f6nix Sinzheim I Sonntag, 29.03.2026 um 17.00 Uhr Rhein-Rench-Halle, Helmlingen Derbytime hei\u00dft es wieder am Sonntag-Nachmittag wenn der TuS Helmlingen in der Verbandsliga im Heimspiel auf den BSV Ph\u00f6nix Sinzheim trifft. Mit zwei Ausw\u00e4rtssiegen in Folge konnten die Hanauerl\u00e4nder\u2026\u00a0<a class=\"wp-block-latest-posts__read-more\" href=\"https:\/\/tus-helmlingen.org\/?p=7463\" rel=\"noopener noreferrer\"><span class=\"screen-reader-text\">TuS Helmlingen mit Neuauflage des Derby-Klassiker gegen BSV Ph\u00f6nix Sinzheim <\/span>weiterlesen<\/a><\/div><\/li>\n<li><a class=\"wp-block-latest-posts__post-title\" href=\"https:\/\/tus-helmlingen.org\/?p=7461\">Erfolgsserie des TuS Helmlingen II gegen Schutterwald III gerissen<\/a><div class=\"wp-block-latest-posts__post-author\">von Michael Haensel<\/div><time datetime=\"2026-03-23T18:53:46+01:00\" class=\"wp-block-latest-posts__post-date\">23. M\u00e4rz 2026<\/time><div class=\"wp-block-latest-posts__post-excerpt\">BEZOL&nbsp; &nbsp;TuS Helmlingen II&nbsp; &#8211;&nbsp; TuS Schutterwald III&nbsp; 29:31 (14:19) Der TuS Helmlingen II musste gegen den TuS Schutterwald III in der Bez.-Oberliga eine vermeidbare 29:31 Heimniederlage einstecken, damit ist die gute Serie der Hanauerl\u00e4nder nach zuletzt f\u00fcnf Siegen und einem Remis gerissen. Vor allem\u2026\u00a0<a class=\"wp-block-latest-posts__read-more\" href=\"https:\/\/tus-helmlingen.org\/?p=7461\" rel=\"noopener noreferrer\"><span class=\"screen-reader-text\">Erfolgsserie des TuS Helmlingen II gegen Schutterwald III gerissen <\/span>weiterlesen<\/a><\/div><\/li>\n<li><a class=\"wp-block-latest-posts__post-title\" href=\"https:\/\/tus-helmlingen.org\/?p=7459\">Derby-Niederlage f\u00fcr den TuS Helmlingen \u2013 Ottenheim nutzt Schw\u00e4chephase konsequent<\/a><div class=\"wp-block-latest-posts__post-author\">von Damen<\/div><time datetime=\"2026-03-22T21:38:23+01:00\" class=\"wp-block-latest-posts__post-date\">22. M\u00e4rz 2026<\/time><div class=\"wp-block-latest-posts__post-excerpt\">Frauen\u00a0Oberliga Staffel 1\u00a0 \u00a0TuS Helmlingen &#8211; TuS Ottenheim 22:30 (8:16) Der TuS Helmlingen hat das Derby gegen den TuS Ottenheim am Sonntag vor heimischem Publikum mit 22:30 (8:16) verloren. Ausschlaggebend war dabei vor allem eine schwache Phase in der ersten Halbzeit, in der sich die\u2026\u00a0<a class=\"wp-block-latest-posts__read-more\" href=\"https:\/\/tus-helmlingen.org\/?p=7459\" rel=\"noopener noreferrer\"><span class=\"screen-reader-text\">Derby-Niederlage f\u00fcr den TuS Helmlingen \u2013 Ottenheim nutzt Schw\u00e4chephase konsequent <\/span>weiterlesen<\/a><\/div><\/li>\n<li><a class=\"wp-block-latest-posts__post-title\" href=\"https:\/\/tus-helmlingen.org\/?p=7457\">TuS Helmlingen mit starker Angriffsleistung beim TSV Rintheim<\/a><div class=\"wp-block-latest-posts__post-author\">von Michael Haensel<\/div><time datetime=\"2026-03-22T21:36:13+01:00\" class=\"wp-block-latest-posts__post-date\">22. M\u00e4rz 2026<\/time><div class=\"wp-block-latest-posts__post-excerpt\">VLBW&nbsp; &nbsp;TSV Rintheim I&nbsp; &#8211;&nbsp; TuS Helmlingen I&nbsp; &nbsp;33:37 (17:22) In einer intensiven und mit hohem Tempo gef\u00fchrten Partie holte der TuS Helmlingen in der Handball-Verbandsliga am Samstagabend beim TSV Rintheim mit 33:37 die n\u00e4chsten Ausw\u00e4rtspunkte und konnte sich damit auf den 5. Tabellenplatz verbessern.\u2026\u00a0<a class=\"wp-block-latest-posts__read-more\" href=\"https:\/\/tus-helmlingen.org\/?p=7457\" rel=\"noopener noreferrer\"><span class=\"screen-reader-text\">TuS Helmlingen mit starker Angriffsleistung beim TSV Rintheim <\/span>weiterlesen<\/a><\/div><\/li>\n<\/ul><\/div>\n<\/div>\n\n\n<p><script> (function(e,t,n,r,i,s,o){e[i]=e[i]||function(){(e[i].q=e[i].q||[]).push(arguments)}, e[i].l=1*new Date;s=t.createElement(n),o=t.getElementsByTagName(n)[0];s.async=1; s.src=r;o.parentNode.insertBefore(s,o)})(window,document,\"script\", 'https:\/\/www.handball.net\/widgets\/embed\/v1.js',\"_hb\"); <\/script><\/p>\n<div id='handball-spielplan'><\/div>\n<p><script> _hb({ widget: 'spielplan', clubId: 'handball4all.suedbaden.668', container: 'handball-spielplan' }) <\/script><\/p>\n","protected":false},"excerpt":{"rendered":"","protected":false},"author":1,"featured_media":0,"parent":0,"menu_order":10,"comment_status":"closed","ping_status":"closed","template":"","meta":{"footnotes":""},"class_list":["post-3461","page","type-page","status-publish","hentry"],"_links":{"self":[{"href":"https:\/\/tus-helmlingen.org\/index.php?rest_route=\/wp\/v2\/pages\/3461","targetHints":{"allow":["GET"]}}],"collection":[{"href":"https:\/\/tus-helmlingen.org\/index.php?rest_route=\/wp\/v2\/pages"}],"about":[{"href":"https:\/\/tus-helmlingen.org\/index.php?rest_route=\/wp\/v2\/types\/page"}],"author":[{"embeddable":true,"href":"https:\/\/tus-helmlingen.org\/index.php?rest_route=\/wp\/v2\/users\/1"}],"replies":[{"embeddable":true,"href":"https:\/\/tus-helmlingen.org\/index.php?rest_route=%2Fwp%2Fv2%2Fcomments&post=3461"}],"version-history":[{"count":306,"href":"https:\/\/tus-helmlingen.org\/index.php?rest_route=\/wp\/v2\/pages\/3461\/revisions"}],"predecessor-version":[{"id":7499,"href":"https:\/\/tus-helmlingen.org\/index.php?rest_route=\/wp\/v2\/pages\/3461\/revisions\/7499"}],"wp:attachment":[{"href":"https:\/\/tus-helmlingen.org\/index.php?rest_route=%2Fwp%2Fv2%2Fmedia&parent=3461"}],"curies":[{"name":"wp","href":"https:\/\/api.w.org\/{rel}","templated":true}]}}